{"id":1559,"date":"2017-06-14T07:31:24","date_gmt":"2017-06-14T07:31:24","guid":{"rendered":"https:\/\/xeny.art\/?page_id=1559"},"modified":"2024-10-25T11:46:18","modified_gmt":"2024-10-25T11:46:18","slug":"contact-page","status":"publish","type":"page","link":"https:\/\/xeny.art\/?page_id=1559","title":{"rendered":"Contact-page"},"content":{"rendered":"<div id=\"pl-1559\"  class=\"panel-layout\" ><div id=\"pg-1559-0\"  class=\"panel-grid panel-has-style\" ><div style=\"padding-top: 30px; padding-bottom: 30px; \" class=\"panel-row-style panel-row-style-for-1559-0\" ><div id=\"pgc-1559-0-0\"  class=\"panel-grid-cell panel-grid-cell-empty\" ><\/div><\/div><\/div><div id=\"pg-1559-1\"  class=\"panel-grid panel-has-style\" ><div class=\"cntct panel-row-style panel-row-style-for-1559-1\" style=\"padding-top: 0%; padding-bottom: 0%; \" ><div id=\"pgc-1559-1-0\"  class=\"panel-grid-cell\" ><div id=\"panel-1559-1-0-0\" class=\"so-panel widget widget_sow-headline panel-first-child\" data-index=\"0\" ><div class=\"panel-widget-style panel-widget-style-for-1559-1-0-0\" ><div\n\t\t\t\n\t\t\tclass=\"so-widget-sow-headline so-widget-sow-headline-default-589e79b9652f-1559 so-widget-fittext-wrapper\"\n\t\t\t data-fit-text-compressor=\"0.85\"\n\t\t><div class=\"sow-headline-container \">\n\t\t\t\t\t\t\t<h2 class=\"sow-headline\">\n\t\t\t\t\t\tGet in touch\t\t\t\t\t\t<\/h2>\n\t\t\t\t\t\t\t\t\t\t\t<div class=\"decoration\">\n\t\t\t\t\t\t<div class=\"decoration-inside\"><\/div>\n\t\t\t\t\t<\/div>\n\t\t\t\t\t<\/div>\n<\/div><\/div><\/div><div id=\"panel-1559-1-0-1\" class=\"so-panel widget widget_sow-headline panel-last-child\" data-index=\"1\" ><div class=\"panel-widget-style panel-widget-style-for-1559-1-0-1\" ><div\n\t\t\t\n\t\t\tclass=\"so-widget-sow-headline so-widget-sow-headline-default-dedfc4d8b90b-1559\"\n\t\t\t\n\t\t><div class=\"sow-headline-container \">\n\t\t\t\t\t\t\t<h1 class=\"sow-headline\">\n\t\t\t\t\t\t\n<div class=\"wpcf7 no-js\" id=\"wpcf7-f1819-o1\" lang=\"en-US\" dir=\"ltr\" data-wpcf7-id=\"1819\">\n<div class=\"screen-reader-response\"><p role=\"status\" aria-live=\"polite\" aria-atomic=\"true\"><\/p> <ul><\/ul><\/div>\n<form action=\"\/index.php?rest_route=%2Fwp%2Fv2%2Fpages%2F1559#wpcf7-f1819-o1\" method=\"post\" class=\"wpcf7-form init\" aria-label=\"Contact form\" enctype=\"multipart\/form-data\" novalidate=\"novalidate\" data-status=\"init\">\n<fieldset class=\"hidden-fields-container\"><input type=\"hidden\" name=\"_wpcf7\" value=\"1819\" \/><input type=\"hidden\" name=\"_wpcf7_version\" value=\"6.1.5\" \/><input type=\"hidden\" name=\"_wpcf7_locale\" value=\"en_US\" \/><input type=\"hidden\" name=\"_wpcf7_unit_tag\" value=\"wpcf7-f1819-o1\" \/><input type=\"hidden\" name=\"_wpcf7_container_post\" value=\"0\" \/><input type=\"hidden\" name=\"_wpcf7_posted_data_hash\" value=\"\" \/><input type=\"hidden\" name=\"_wpcf7_recaptcha_response\" value=\"\" \/>\n<\/fieldset>\n<p><label> Your Name (required)<\/label><br \/>\n<span class=\"wpcf7-form-control-wrap\" data-name=\"your-name\"><input size=\"40\" maxlength=\"400\" class=\"wpcf7-form-control wpcf7-text wpcf7-validates-as-required\" aria-required=\"true\" aria-invalid=\"false\" value=\"\" type=\"text\" name=\"your-name\" \/><\/span>\n<\/p>\n<p><label> Your Email (required)<\/label><br \/>\n<span class=\"wpcf7-form-control-wrap\" data-name=\"your-email\"><input size=\"40\" maxlength=\"400\" class=\"wpcf7-form-control wpcf7-email wpcf7-validates-as-required wpcf7-text wpcf7-validates-as-email\" aria-required=\"true\" aria-invalid=\"false\" value=\"\" type=\"email\" name=\"your-email\" \/><\/span>\n<\/p>\n<p><label> Subject<\/label><br \/>\n<span class=\"wpcf7-form-control-wrap\" data-name=\"your-subject\"><input size=\"40\" maxlength=\"400\" class=\"wpcf7-form-control wpcf7-text\" aria-invalid=\"false\" value=\"\" type=\"text\" name=\"your-subject\" \/><\/span>\n<\/p>\n<p><label> Your Message<\/label><br \/>\n<span class=\"wpcf7-form-control-wrap\" data-name=\"your-message\"><textarea cols=\"40\" rows=\"10\" maxlength=\"2000\" class=\"wpcf7-form-control wpcf7-textarea\" aria-invalid=\"false\" name=\"your-message\"><\/textarea><\/span>\n<\/p>\n<p><span class=\"wpcf7-form-control-wrap\" data-name=\"file-387\"><input size=\"40\" class=\"wpcf7-form-control wpcf7-file\" accept=\".png,.jpg,.jpeg\" aria-invalid=\"false\" type=\"file\" name=\"file-387\" \/><\/span>\n<\/p>\n<p><span class=\"wpcf7-form-control-wrap\" data-name=\"acceptance-399\"><span class=\"wpcf7-form-control wpcf7-acceptance\"><span class=\"wpcf7-list-item\"><label><input type=\"checkbox\" name=\"acceptance-399\" value=\"1\" aria-invalid=\"false\" \/><span class=\"wpcf7-list-item-label\"><font size=\"2\">Protected by reCAPTCHA and Google<a href=\"https:\/\/policies.google.com\/privacy\">Privacy Policy<\/a> and <a href=\"https:\/\/policies.google.com\/terms\">Terms<\/a> apply.<\/font><\/span><\/label><\/span><\/span><\/span><br \/>\n<input class=\"wpcf7-form-control wpcf7-submit has-spinner button\" id=\"form-submit\" type=\"submit\" value=\"Send Mail\" \/>\n<\/p><div class=\"wpcf7-response-output\" aria-hidden=\"true\"><\/div>\n<\/form>\n<\/div>\n\t\t\t\t\t\t<\/h1>\n\t\t\t\t\t\t<\/div>\n<\/div><\/div><\/div><\/div><div id=\"pgc-1559-1-1\"  class=\"panel-grid-cell\" ><div id=\"panel-1559-1-1-0\" class=\"so-panel widget widget_sow-headline panel-first-child\" data-index=\"2\" ><div class=\"panel-widget-style panel-widget-style-for-1559-1-1-0\" ><div\n\t\t\t\n\t\t\tclass=\"so-widget-sow-headline so-widget-sow-headline-default-33c296b8bfa2-1559\"\n\t\t\t\n\t\t><div class=\"sow-headline-container \">\n\t\t\t\t\t\t\t<h2 class=\"sow-headline\">\n\t\t\t\t\t\tContact information\t\t\t\t\t\t<\/h2>\n\t\t\t\t\t\t<\/div>\n<\/div><\/div><\/div><div id=\"panel-1559-1-1-1\" class=\"so-panel widget widget_sow-editor\" data-index=\"3\" ><div class=\"panel-widget-style panel-widget-style-for-1559-1-1-1\" ><div\n\t\t\t\n\t\t\tclass=\"so-widget-sow-editor so-widget-sow-editor-base\"\n\t\t\t\n\t\t>\n<div class=\"siteorigin-widget-tinymce textwidget\">\n\t<p><em><span style=\"color: #818181;\">Xeny Art Studio<\/span><\/em><\/p>\n<p><em><span style=\"color: #818181;\">Radho\u0161\u0165sk\u00e1 2005\/3 <\/span><\/em><\/p>\n<p><em><span style=\"color: #818181;\">P-3, Vinohrady<\/span><\/em><\/p>\n<div class=\"textwidget\">\n<p><em><span style=\"color: #818181;\">Prague<\/span><\/em><\/p>\n<p><em><span style=\"color: #818181;\">Czech Republic<\/span><\/em><\/p>\n<p><em><span style=\"color: #818181;\">130 00<\/span><\/em><\/p>\n<p><em><span style=\"color: #818181;\">Email: sales@xeny.art<\/span><\/em><\/p>\n<\/div>\n<\/div>\n<\/div><\/div><\/div><div id=\"panel-1559-1-1-2\" class=\"so-panel widget widget_sow-social-media-buttons panel-last-child\" data-index=\"4\" ><div class=\"panel-widget-style panel-widget-style-for-1559-1-1-2\" ><div\n\t\t\t\n\t\t\tclass=\"so-widget-sow-social-media-buttons so-widget-sow-social-media-buttons-wire-fb8e3191a5c1-1559\"\n\t\t\t\n\t\t>\n\n<div class=\"social-media-button-container\">\n\t\n\t\t<a \n\t\tclass=\"ow-button-hover sow-social-media-button-facebook-0 sow-social-media-button\" title=\"XenyART on Facebook\" aria-label=\"XenyART on Facebook\" target=\"_blank\" rel=\"noopener noreferrer\" href=\"https:\/\/www.facebook.com\/xeny.art\/\" \t\t>\n\t\t\t<span>\n\t\t\t\t\t\t\t\t<span class=\"sow-icon-fontawesome sow-fab\" data-sow-icon=\"&#xf39e;\"\n\t\t \n\t\taria-hidden=\"true\"><\/span>\t\t\t\t\t\t\t<\/span>\n\t\t<\/a>\n\t\n\t\t<a \n\t\tclass=\"ow-button-hover sow-social-media-button-envelope-0 sow-social-media-button\" title=\"Send us an email\" aria-label=\"Send us an email\" target=\"_blank\" rel=\"noopener noreferrer\" href=\"mailto:%20sales@xenyart.com\" \t\t>\n\t\t\t<span>\n\t\t\t\t\t\t\t\t<span class=\"sow-icon-fontawesome sow-fas\" data-sow-icon=\"&#xf0e0;\"\n\t\t \n\t\taria-hidden=\"true\"><\/span>\t\t\t\t\t\t\t<\/span>\n\t\t<\/a>\n\t\n\t\t<a \n\t\tclass=\"ow-button-hover sow-social-media-button-x-twitter-0 sow-social-media-button\" title=\"XenyART on X Twitter\" aria-label=\"XenyART on X Twitter\" target=\"_blank\" rel=\"noopener noreferrer\" href=\"https:\/\/twitter.com\/XenyArt\" \t\t>\n\t\t\t<span>\n\t\t\t\t\t\t\t\t<span class=\"sow-icon-fontawesome sow-fab\" data-sow-icon=\"&#xe61b;\"\n\t\t \n\t\taria-hidden=\"true\"><\/span>\t\t\t\t\t\t\t<\/span>\n\t\t<\/a>\n\t\n\t\t<a \n\t\tclass=\"ow-button-hover sow-social-media-button-instagram-0 sow-social-media-button\" title=\"XenyART on Instagram\" aria-label=\"XenyART on Instagram\" target=\"_blank\" rel=\"noopener noreferrer\" href=\"https:\/\/www.instagram.com\/xeny_art_studio\/\" \t\t>\n\t\t\t<span>\n\t\t\t\t\t\t\t\t<span class=\"sow-icon-fontawesome sow-fab\" data-sow-icon=\"&#xf16d;\"\n\t\t \n\t\taria-hidden=\"true\"><\/span>\t\t\t\t\t\t\t<\/span>\n\t\t<\/a>\n\t\n\t\t<a \n\t\tclass=\"ow-button-hover sow-social-media-button-youtube-0 sow-social-media-button\" title=\"XenyART on Youtube\" aria-label=\"XenyART on Youtube\" target=\"_blank\" rel=\"noopener noreferrer\" href=\"https:\/\/www.youtube.com\/channel\/UCEBfRXjbmOIfKGcjPtReEAw\" \t\t>\n\t\t\t<span>\n\t\t\t\t\t\t\t\t<span class=\"sow-icon-fontawesome sow-fab\" data-sow-icon=\"&#xf167;\"\n\t\t \n\t\taria-hidden=\"true\"><\/span>\t\t\t\t\t\t\t<\/span>\n\t\t<\/a>\n\t\n\t\t<a \n\t\tclass=\"ow-button-hover sow-social-media-button-phone-0 sow-social-media-button\" title=\"Become a Patreon\" aria-label=\"Become a Patreon\" href=\"https:\/\/www.patreon.com\/xeny_art\" \t\t>\n\t\t\t<span>\n\t\t\t\t\t\t\t\t<span class=\"sow-icon-fontawesome sow-fas\" data-sow-icon=\"&#xf095;\"\n\t\t \n\t\taria-hidden=\"true\"><\/span>\t\t\t\t\t\t\t<\/span>\n\t\t<\/a>\n\t<\/div>\n<\/div><\/div><\/div><\/div><\/div><\/div><div id=\"pg-1559-2\"  class=\"panel-grid panel-has-style\" ><div style=\"padding-top: 30px; padding-bottom: 30px; \" class=\"panel-row-style panel-row-style-for-1559-2\" ><div id=\"pgc-1559-2-0\"  class=\"panel-grid-cell panel-grid-cell-empty\" ><\/div><\/div><\/div><div id=\"pg-1559-3\"  class=\"panel-grid panel-has-style\" ><div style=\"padding-top: 30px; padding-bottom: 30px; \" class=\"panel-row-style panel-row-style-for-1559-3\" ><div id=\"pgc-1559-3-0\"  class=\"panel-grid-cell panel-grid-cell-empty\" ><\/div><\/div><\/div><\/div>","protected":false},"excerpt":{"rendered":"<p>Xeny Art Studio Radho\u0161\u0165sk\u00e1 2005\/3 P-3, Vinohrady Prague Czech Republic 130 00 Email: sales@xeny.art<\/p>\n","protected":false},"author":2,"featured_media":129,"parent":0,"menu_order":0,"comment_status":"closed","ping_status":"closed","template":"page-templates\/template_page-builder.php","meta":{"footnotes":""},"class_list":["post-1559","page","type-page","status-publish","has-post-thumbnail","hentry","list-bigimage-post"],"_links":{"self":[{"href":"https:\/\/xeny.art\/index.php?rest_route=\/wp\/v2\/pages\/1559","targetHints":{"allow":["GET"]}}],"collection":[{"href":"https:\/\/xeny.art\/index.php?rest_route=\/wp\/v2\/pages"}],"about":[{"href":"https:\/\/xeny.art\/index.php?rest_route=\/wp\/v2\/types\/page"}],"author":[{"embeddable":true,"href":"https:\/\/xeny.art\/index.php?rest_route=\/wp\/v2\/users\/2"}],"replies":[{"embeddable":true,"href":"https:\/\/xeny.art\/index.php?rest_route=%2Fwp%2Fv2%2Fcomments&post=1559"}],"version-history":[{"count":0,"href":"https:\/\/xeny.art\/index.php?rest_route=\/wp\/v2\/pages\/1559\/revisions"}],"wp:featuredmedia":[{"embeddable":true,"href":"https:\/\/xeny.art\/index.php?rest_route=\/wp\/v2\/media\/129"}],"wp:attachment":[{"href":"https:\/\/xeny.art\/index.php?rest_route=%2Fwp%2Fv2%2Fmedia&parent=1559"}],"curies":[{"name":"wp","href":"https:\/\/api.w.org\/{rel}","templated":true}]}}